{"id":1356,"date":"2025-02-25T06:51:46","date_gmt":"2025-02-25T06:51:46","guid":{"rendered":"https:\/\/horsviksstugor.se\/?page_id=1356"},"modified":"2026-03-04T00:16:54","modified_gmt":"2026-03-04T00:16:54","slug":"datenschutzerklarung","status":"publish","type":"page","link":"https:\/\/horsviksstugor.se\/de\/datenschutzerklarung\/","title":{"rendered":"Datenschutzbestimmungen"},"content":{"rendered":"\t\t<div data-elementor-type=\"wp-page\" data-elementor-id=\"1356\" class=\"elementor elementor-1356 elementor-1354\" data-elementor-post-type=\"page\">\n\t\t\t\t<div class=\"elementor-element elementor-element-0b07e53 e-con-full e-flex e-con e-parent\" data-id=\"0b07e53\" data-element_type=\"container\" data-e-type=\"container\">\n\t\t\t\t<div class=\"elementor-element elementor-element-4d910bc elementor-widget elementor-widget-text-editor\" data-id=\"4d910bc\" data-element_type=\"widget\" data-e-type=\"widget\" data-widget_type=\"text-editor.default\">\n\t\t\t\t<div class=\"elementor-widget-container\">\n\t\t\t\t\t\t\t\t\t<h1>Datenschutzbestimmungen<\/h1><p>Zuletzt aktualisiert am 25. Februar 2025<br><br>G\u00fcltig ab 01. Februar 2025<\/p><p>Diese Datenschutzrichtlinie beschreibt die Richtlinien von<br>\u00c4ventyrshuset BBorg AB,<br>Thorsgatan 10,<br>S\u00f6rmland<br>613 30,<br>Schweden,<br>E-Mail: oxelosund@bodaborg.se,<br>Telefon: +4615530808<br>bez\u00fcglich der Sammlung, Verwendung und Weitergabe von Informationen, die wir sammeln, wenn Sie unsere Website nutzen.<\/p><h2>Welche Informationen wir sammeln:<\/h2><p>Wir sammeln die folgenden pers\u00f6nlichen Daten:<\/p><ul><li>Name der Organisation<\/li><li>E-Mail Adresse<\/li><li>Telefon Nummer<\/li><li>Buchungsdetails (Daten, Anzahl der G\u00e4ste)<\/li><li>Zahlungsinformationen (\u00fcber Stripe &#8211; wir speichern die Kartendaten nicht selbst)<\/li><li> <\/li><\/ul><h2>Wie wir Ihre Informationen verwenden:<\/h2><p>Wir verwenden Ihre Informationen f\u00fcr:<\/p><ul><li>Unterst\u00fctzen Sie<\/li><li>Verwaltung von Kundenauftr\u00e4gen<\/li><li>Senden Sie Buchungsbest\u00e4tigungen und -erinnerungen per E-Mail<\/li><li>Verarbeitung von Zahlungen \u00fcber Stripe<\/li><\/ul><h2>Wie wir Ihre Informationen weitergeben:<\/h2><p>Wir geben Ihre Daten nur unter den folgenden Umst\u00e4nden weiter:<\/p><ul><li>Analysen<\/li><li>Stripe &#8211; f\u00fcr die Zahlungsabwicklung<\/li><li>Erneut senden &#8211; f\u00fcr den E-Mail-Versand<\/li><li>Firebase\/Google Cloud &#8211; f\u00fcr die Datenspeicherung<\/li><\/ul><h2>Speicherung Ihrer Informationen:<\/h2><p>Die Buchungsdaten werden gem\u00e4\u00df dem Buchhaltungsgesetz bis zu 24 Monate nach dem Check-out gespeichert.<\/p><h2>Ihre Rechte:<\/h2><p>Je nach geltender Gesetzgebung haben Sie m\u00f6glicherweise das Recht, Zugang zu Ihren Daten zu verlangen&#8230;<\/p><h2>Cookies:<\/h2><h5>Was sind Cookies?<\/h5><p>Diese Cookie-Richtlinie erkl\u00e4rt, was Cookies sind und wie wir sie verwenden, welche Arten von Cookies wir verwenden, welche Informationen durch Cookies gesammelt werden und wie diese Informationen verwendet werden, und wie Sie Ihre Cookie-Einstellungen verwalten k\u00f6nnen.<\/p><p>Cookies sind kleine Textdateien, die kleine Mengen von Informationen speichern. Sie werden auf Ihrem Ger\u00e4t gespeichert, wenn die Website in Ihrem Browser geladen wird. Diese Cookies helfen uns dabei, die Website ordnungsgem\u00e4\u00df zu betreiben, die Sicherheit zu verbessern, die Benutzerfreundlichkeit zu erh\u00f6hen und die Leistung der Website zu analysieren, um festzustellen, was gut funktioniert und was verbessert werden muss.  <\/p><h5>Wie verwenden wir Cookies?<\/h5><p>Wie die meisten Websites verwenden wir sowohl Erstanbieter- als auch Drittanbieter-Cookies f\u00fcr unterschiedliche Zwecke. Erstanbieter-Cookies sind in der Regel f\u00fcr das ordnungsgem\u00e4\u00dfe Funktionieren der Website erforderlich und sammeln keine pers\u00f6nlich identifizierbaren Informationen. <\/p><p>Cookies von Drittanbietern, die auf unserer Website verwendet werden, helfen uns vor allem dabei zu verstehen, wie die Website funktioniert, wie die Benutzer mit ihr interagieren, unsere Dienste sicher zu halten, relevante Werbung bereitzustellen und die allgemeine Benutzererfahrung zu verbessern. Sie helfen auch, zuk\u00fcnftige Interaktionen mit der Website zu beschleunigen. <\/p><h5>Arten von Cookies, die wir verwenden<\/h5><div class=\"cky-audit-table-element\"> <\/div><h5 style=\"margin-bottom: 20px;\">Cookie-Einstellungen verwalten<\/h5><p><a class=\"cky-banner-element\">Cookie-Einstellungen<\/a><\/p><p>Sie k\u00f6nnen Ihre Cookie-Einstellungen jederzeit \u00e4ndern, indem Sie auf die Schaltfl\u00e4che oben klicken. So k\u00f6nnen Sie zum Cookie-Banner zur\u00fcckkehren und Ihre Einstellungen \u00e4ndern oder Ihre Zustimmung widerrufen. <\/p><p>Verschiedene Browser bieten unterschiedliche Methoden zum Blockieren und L\u00f6schen von Cookies. Hier finden Sie Links zu Support-Dokumenten f\u00fcr die g\u00e4ngigsten Browser: <\/p><p>Chrom: <a href=\"https:\/\/support.google.com\/accounts\/answer\/32050\" target=\"_blank\" rel=\"noopener\">Klicken Sie hier<\/a><\/p><p>Safari: <a href=\"https:\/\/support.apple.com\/sv-se\/guide\/safari\/sfri11471\/mac\" target=\"_blank\" rel=\"noopener\">Klicken Sie hier<\/a><\/p><p>Firefox: <a href=\"https:\/\/support.mozilla.org\/sv\/kb\/rensa-cookies-och-webbplatsdata-i-firefox\" target=\"_blank\" rel=\"noopener\">Klicken Sie hier<\/a><\/p><p>Internet Explorer: <a href=\"https:\/\/support.microsoft.com\/sv-se\/topic\/hur-du-raderar-cookie-filer-i-internet-explorer\" target=\"_blank\" rel=\"noopener\">Klicken Sie hier<\/a><\/p><p>Wenn Sie einen anderen Browser verwenden, besuchen Sie bitte die offizielle Support-Seite f\u00fcr Ihren Browser.<\/p><p>Cookie-Richtlinie erstellt mit <a href=\"https:\/\/www.cookieyes.com\/\" target=\"_blank\" rel=\"noopener\">CookieYes &#8211; Cookie Policy Generator<\/a>.<\/p><h2>Sicherheit:<\/h2><p>Wir ergreifen Sicherheitsma\u00dfnahmen zum Schutz Ihrer Daten&#8230;<\/p><h2>Links von Dritten:<\/h2><p>Unser Service kann Links zu externen Websites enthalten&#8230;<\/p><h2>Kontakt:<\/h2><p>Wenn Sie Fragen haben, kontaktieren Sie uns bitte unter oxelosund@bodaborg.se.<\/p><p>Mit <a href=\"https:\/\/www.cookieyes.com\/\">CookieYes<\/a> erstellte Datenschutzrichtlinie.<\/p>\t\t\t\t\t\t\t\t<\/div>\n\t\t\t\t<\/div>\n\t\t\t\t<\/div>\n\t\t\t\t<\/div>\n\t\t","protected":false},"excerpt":{"rendered":"<p>Datenschutzbestimmungen Zuletzt aktualisiert am 25. Februar 2025 G\u00fcltig ab 01. Februar 2025 Diese Datenschutzrichtlinie beschreibt die Richtlinien von\u00c4ventyrshuset BBorg AB,Thorsgatan 10,S\u00f6rmland613 30,Schweden,E-Mail: oxelosund@bodaborg.se,Telefon: +4615530808bez\u00fcglich der Sammlung, Verwendung und Weitergabe von Informationen, die wir sammeln, wenn Sie unsere Website nutzen. Welche Informationen wir sammeln: Wir sammeln die folgenden pers\u00f6nlichen Daten: Name der Organisation E-Mail Adresse Telefon [&hellip;]<\/p>\n","protected":false},"author":1,"featured_media":0,"parent":0,"menu_order":0,"comment_status":"closed","ping_status":"closed","template":"elementor_header_footer","meta":{"_acf_changed":false,"footnotes":""},"tags":[],"class_list":["post-1356","page","type-page","status-publish","hentry"],"acf":[],"_links":{"self":[{"href":"https:\/\/horsviksstugor.se\/de\/wp-json\/wp\/v2\/pages\/1356","targetHints":{"allow":["GET"]}}],"collection":[{"href":"https:\/\/horsviksstugor.se\/de\/wp-json\/wp\/v2\/pages"}],"about":[{"href":"https:\/\/horsviksstugor.se\/de\/wp-json\/wp\/v2\/types\/page"}],"author":[{"embeddable":true,"href":"https:\/\/horsviksstugor.se\/de\/wp-json\/wp\/v2\/users\/1"}],"replies":[{"embeddable":true,"href":"https:\/\/horsviksstugor.se\/de\/wp-json\/wp\/v2\/comments?post=1356"}],"version-history":[{"count":12,"href":"https:\/\/horsviksstugor.se\/de\/wp-json\/wp\/v2\/pages\/1356\/revisions"}],"predecessor-version":[{"id":5898,"href":"https:\/\/horsviksstugor.se\/de\/wp-json\/wp\/v2\/pages\/1356\/revisions\/5898"}],"wp:attachment":[{"href":"https:\/\/horsviksstugor.se\/de\/wp-json\/wp\/v2\/media?parent=1356"}],"wp:term":[{"taxonomy":"post_tag","embeddable":true,"href":"https:\/\/horsviksstugor.se\/de\/wp-json\/wp\/v2\/tags?post=1356"}],"curies":[{"name":"wp","href":"https:\/\/api.w.org\/{rel}","templated":true}]}}