{"id":477,"date":"2025-01-27T14:22:04","date_gmt":"2025-01-27T14:22:04","guid":{"rendered":"https:\/\/horsviksstugor.se\/?page_id=477"},"modified":"2026-02-27T07:36:58","modified_gmt":"2026-02-27T07:36:58","slug":"pakete","status":"publish","type":"page","link":"https:\/\/horsviksstugor.se\/de\/pakete\/","title":{"rendered":"Paket"},"content":{"rendered":"\t\t<div data-elementor-type=\"wp-page\" data-elementor-id=\"477\" class=\"elementor elementor-477 elementor-475\" data-elementor-post-type=\"page\">\n\t\t\t\t<div class=\"elementor-element elementor-element-ec41704 e-flex e-con-boxed e-con e-parent\" data-id=\"ec41704\" data-element_type=\"container\" data-e-type=\"container\" data-settings=\"{&quot;background_background&quot;:&quot;classic&quot;}\">\n\t\t\t\t\t<div class=\"e-con-inner\">\n\t\t\t\t<div class=\"elementor-element elementor-element-0bcfd1e elementor-widget elementor-widget-heading\" data-id=\"0bcfd1e\" data-element_type=\"widget\" data-e-type=\"widget\" data-widget_type=\"heading.default\">\n\t\t\t\t<div class=\"elementor-widget-container\">\n\t\t\t\t\t<h1 class=\"elementor-heading-title elementor-size-default\">Abenteuer- und Entspannungspakete<\/h1>\t\t\t\t<\/div>\n\t\t\t\t<\/div>\n\t\t\t\t<div class=\"elementor-element elementor-element-14ad936 elementor-widget elementor-widget-heading\" data-id=\"14ad936\" data-element_type=\"widget\" data-e-type=\"widget\" data-widget_type=\"heading.default\">\n\t\t\t\t<div class=\"elementor-widget-container\">\n\t\t\t\t\t<h5 class=\"elementor-heading-title elementor-size-default\">Entdecken Sie unsere aufregenden Pakete, die Abenteuer und Entspannung am Meer kombinieren. Hier finden Sie unser beliebtes Abenteuerpaket - ein voller Tag voller Action, der mit einer ruhigen Nacht in einem Cottage an der K\u00fcste endet. <\/h5>\t\t\t\t<\/div>\n\t\t\t\t<\/div>\n\t\t\t\t\t<\/div>\n\t\t\t\t<\/div>\n\t\t<div class=\"elementor-element elementor-element-d276b6e e-con-full e-flex e-con e-parent\" data-id=\"d276b6e\" data-element_type=\"container\" data-e-type=\"container\" data-settings=\"{&quot;background_background&quot;:&quot;classic&quot;}\">\n\t\t<div class=\"elementor-element elementor-element-9f36c11 e-con-full e-flex e-con e-child\" data-id=\"9f36c11\" data-element_type=\"container\" data-e-type=\"container\">\n\t\t\t\t<div class=\"elementor-element elementor-element-13e1889 elementor-widget elementor-widget-heading\" data-id=\"13e1889\" data-element_type=\"widget\" data-e-type=\"widget\" data-widget_type=\"heading.default\">\n\t\t\t\t<div class=\"elementor-widget-container\">\n\t\t\t\t\t<h2 class=\"elementor-heading-title elementor-size-default\">Abenteuer-Pakete<\/h2>\t\t\t\t<\/div>\n\t\t\t\t<\/div>\n\t\t\t\t<div class=\"elementor-element elementor-element-028e819 elementor-widget elementor-widget-text-editor\" data-id=\"028e819\" data-element_type=\"widget\" data-e-type=\"widget\" data-widget_type=\"text-editor.default\">\n\t\t\t\t<div class=\"elementor-widget-container\">\n\t\t\t\t\t\t\t\t\t<p>Beginnen Sie den Tag mit aufregenden Herausforderungen im Boda Borg Oxel\u00f6sund, wo Sie Ihre Probleml\u00f6sungs- und Teamworkf\u00e4higkeiten in verschiedenen Quest-Herausforderungen testen k\u00f6nnen. Danach erwarten Sie H\u00f6henparcours und Ziplines in Oxel\u00f6sunds Abenteuerpark, wo Sie schwindelerregende Aussichten und Adrenalinsch\u00fcbe erleben werden. <\/p><p>Entspannen Sie sich nach einem erlebnisreichen Tag in einem charmanten roten Cottage am Meer, dem perfekten Abschluss f\u00fcr einen Tag voller Abenteuer.<\/p>\t\t\t\t\t\t\t\t<\/div>\n\t\t\t\t<\/div>\n\t\t\t\t<div class=\"elementor-element elementor-element-af85ebd elementor-icon-list--layout-traditional elementor-list-item-link-full_width elementor-widget elementor-widget-icon-list\" data-id=\"af85ebd\" data-element_type=\"widget\" data-e-type=\"widget\" data-widget_type=\"icon-list.default\">\n\t\t\t\t<div class=\"elementor-widget-container\">\n\t\t\t\t\t\t\t<ul class=\"elementor-icon-list-items\">\n\t\t\t\t\t\t\t<li class=\"elementor-icon-list-item\">\n\t\t\t\t\t\t\t\t\t\t\t<span class=\"elementor-icon-list-icon\">\n\t\t\t\t\t\t\t<svg aria-hidden=\"true\" class=\"e-font-icon-svg e-fas-grin-stars\" viewBox=\"0 0 496 512\" xmlns=\"http:\/\/www.w3.org\/2000\/svg\"><path d=\"M248 8C111 8 0 119 0 256s111 248 248 248 248-111 248-248S385 8 248 8zM94.6 168.9l34.9-5 15.5-31.6c2.9-5.8 11-5.8 13.9 0l15.5 31.6 34.9 5c6.2 1 8.9 8.6 4.3 13.2l-25.4 24.6 6 34.9c1 6.2-5.3 11-11 7.9L152 233.3l-31.3 16.3c-5.7 3.1-12-1.7-11-7.9l6-34.9-25.4-24.6c-4.6-4.7-1.9-12.3 4.3-13.3zM248 432c-60.6 0-134.5-38.3-143.8-93.3-2-11.8 9.3-21.5 20.7-17.9C155.1 330.5 200 336 248 336s92.9-5.5 123.1-15.2c11.5-3.7 22.6 6.1 20.7 17.9-9.3 55-83.2 93.3-143.8 93.3zm157.7-249.9l-25.4 24.6 6 34.9c1 6.2-5.3 11-11 7.9L344 233.3l-31.3 16.3c-5.7 3.1-12-1.7-11-7.9l6-34.9-25.4-24.6c-4.5-4.6-1.9-12.2 4.3-13.2l34.9-5 15.5-31.6c2.9-5.8 11-5.8 13.9 0l15.5 31.6 34.9 5c6.3.9 9 8.5 4.4 13.1z\"><\/path><\/svg>\t\t\t\t\t\t<\/span>\n\t\t\t\t\t\t\t\t\t\t<span class=\"elementor-icon-list-text\">5 Stunden Questing in Boda Borg Oxel\u00f6sund<\/span>\n\t\t\t\t\t\t\t\t\t<\/li>\n\t\t\t\t\t\t\t\t<li class=\"elementor-icon-list-item\">\n\t\t\t\t\t\t\t\t\t\t\t<span class=\"elementor-icon-list-icon\">\n\t\t\t\t\t\t\t<svg aria-hidden=\"true\" class=\"e-font-icon-svg e-fas-hat-cowboy\" viewBox=\"0 0 640 512\" xmlns=\"http:\/\/www.w3.org\/2000\/svg\"><path d=\"M490 296.9C480.51 239.51 450.51 64 392.3 64c-14 0-26.49 5.93-37 14a58.21 58.21 0 0 1-70.58 0c-10.51-8-23-14-37-14-58.2 0-88.2 175.47-97.71 232.88C188.81 309.47 243.73 320 320 320s131.23-10.51 170-23.1zm142.9-37.18a16 16 0 0 0-19.75 1.5c-1 .9-101.27 90.78-293.16 90.78-190.82 0-292.22-89.94-293.24-90.84A16 16 0 0 0 1 278.53C1.73 280.55 78.32 480 320 480s318.27-199.45 319-201.47a16 16 0 0 0-6.09-18.81z\"><\/path><\/svg>\t\t\t\t\t\t<\/span>\n\t\t\t\t\t\t\t\t\t\t<span class=\"elementor-icon-list-text\">Taco-Buffet zum Mittagessen im Boda Borg<\/span>\n\t\t\t\t\t\t\t\t\t<\/li>\n\t\t\t\t\t\t\t\t<li class=\"elementor-icon-list-item\">\n\t\t\t\t\t\t\t\t\t\t\t<span class=\"elementor-icon-list-icon\">\n\t\t\t\t\t\t\t<svg aria-hidden=\"true\" class=\"e-font-icon-svg e-fas-tree\" viewBox=\"0 0 384 512\" xmlns=\"http:\/\/www.w3.org\/2000\/svg\"><path d=\"M378.31 378.49L298.42 288h30.63c9.01 0 16.98-5 20.78-13.06 3.8-8.04 2.55-17.26-3.28-24.05L268.42 160h28.89c9.1 0 17.3-5.35 20.86-13.61 3.52-8.13 1.86-17.59-4.24-24.08L203.66 4.83c-6.03-6.45-17.28-6.45-23.32 0L70.06 122.31c-6.1 6.49-7.75 15.95-4.24 24.08C69.38 154.65 77.59 160 86.69 160h28.89l-78.14 90.91c-5.81 6.78-7.06 15.99-3.27 24.04C37.97 283 45.93 288 54.95 288h30.63L5.69 378.49c-6 6.79-7.36 16.09-3.56 24.26 3.75 8.05 12 13.25 21.01 13.25H160v24.45l-30.29 48.4c-5.32 10.64 2.42 23.16 14.31 23.16h95.96c11.89 0 19.63-12.52 14.31-23.16L224 440.45V416h136.86c9.01 0 17.26-5.2 21.01-13.25 3.8-8.17 2.44-17.47-3.56-24.26z\"><\/path><\/svg>\t\t\t\t\t\t<\/span>\n\t\t\t\t\t\t\t\t\t\t<span class=\"elementor-icon-list-text\">2,5 Stunden im Abenteuerpark Oxel\u00f6sund mit Klettern und Zipline<\/span>\n\t\t\t\t\t\t\t\t\t<\/li>\n\t\t\t\t\t\t\t\t<li class=\"elementor-icon-list-item\">\n\t\t\t\t\t\t\t\t\t\t\t<span class=\"elementor-icon-list-icon\">\n\t\t\t\t\t\t\t<svg aria-hidden=\"true\" class=\"e-font-icon-svg e-fas-bed\" viewBox=\"0 0 640 512\" xmlns=\"http:\/\/www.w3.org\/2000\/svg\"><path d=\"M176 256c44.11 0 80-35.89 80-80s-35.89-80-80-80-80 35.89-80 80 35.89 80 80 80zm352-128H304c-8.84 0-16 7.16-16 16v144H64V80c0-8.84-7.16-16-16-16H16C7.16 64 0 71.16 0 80v352c0 8.84 7.16 16 16 16h32c8.84 0 16-7.16 16-16v-48h512v48c0 8.84 7.16 16 16 16h32c8.84 0 16-7.16 16-16V240c0-61.86-50.14-112-112-112z\"><\/path><\/svg>\t\t\t\t\t\t<\/span>\n\t\t\t\t\t\t\t\t\t\t<span class=\"elementor-icon-list-text\">Eine Nacht in einer H\u00fctte in Horsvik<\/span>\n\t\t\t\t\t\t\t\t\t<\/li>\n\t\t\t\t\t\t<\/ul>\n\t\t\t\t\t\t<\/div>\n\t\t\t\t<\/div>\n\t\t\t\t<div class=\"elementor-element elementor-element-a9ee33d elementor-align-center elementor-widget elementor-widget-button\" data-id=\"a9ee33d\" data-element_type=\"widget\" data-e-type=\"widget\" data-widget_type=\"button.default\">\n\t\t\t\t<div class=\"elementor-widget-container\">\n\t\t\t\t\t\t\t\t\t<div class=\"elementor-button-wrapper\">\n\t\t\t\t\t<a class=\"elementor-button elementor-button-link elementor-size-sm\" href=\"https:\/\/horsviksstugor.se\/de\/kontakt-2\/\">\n\t\t\t\t\t\t<span class=\"elementor-button-content-wrapper\">\n\t\t\t\t\t\t\t\t\t<span class=\"elementor-button-text\">Kontakt<\/span>\n\t\t\t\t\t<\/span>\n\t\t\t\t\t<\/a>\n\t\t\t\t<\/div>\n\t\t\t\t\t\t\t\t<\/div>\n\t\t\t\t<\/div>\n\t\t\t\t<\/div>\n\t\t<div class=\"elementor-element elementor-element-d94cda6 e-con-full e-flex e-con e-child\" data-id=\"d94cda6\" data-element_type=\"container\" data-e-type=\"container\">\n\t\t\t\t<div class=\"elementor-element elementor-element-2013198 elementor-widget elementor-widget-image\" data-id=\"2013198\" data-element_type=\"widget\" data-e-type=\"widget\" data-widget_type=\"image.default\">\n\t\t\t\t<div class=\"elementor-widget-container\">\n\t\t\t\t\t\t\t\t\t\t\t\t\t\t\t<img fetchpriority=\"high\" decoding=\"async\" width=\"885\" height=\"499\" src=\"https:\/\/horsviksstugor.se\/wp-content\/uploads\/2025\/02\/paket-aventyr.webp\" class=\"attachment-full size-full wp-image-1696\" alt=\"\" srcset=\"https:\/\/horsviksstugor.se\/wp-content\/uploads\/2025\/02\/paket-aventyr.webp 885w, https:\/\/horsviksstugor.se\/wp-content\/uploads\/2025\/02\/paket-aventyr-300x169.webp 300w, https:\/\/horsviksstugor.se\/wp-content\/uploads\/2025\/02\/paket-aventyr-768x433.webp 768w\" sizes=\"(max-width: 885px) 100vw, 885px\" \/>\t\t\t\t\t\t\t\t\t\t\t\t\t\t\t<\/div>\n\t\t\t\t<\/div>\n\t\t\t\t<\/div>\n\t\t\t\t<\/div>\n\t\t\t\t<\/div>\n\t\t","protected":false},"excerpt":{"rendered":"<p>Abenteuer- und Entspannungspakete Entdecken Sie unsere aufregenden Pakete, die Abenteuer und Entspannung am Meer kombinieren. Hier finden Sie unser beliebtes Abenteuerpaket &#8211; ein voller Tag voller Action, der mit einer ruhigen Nacht in einem Cottage an der K\u00fcste endet. Abenteuer-Pakete Beginnen Sie den Tag mit aufregenden Herausforderungen im Boda Borg Oxel\u00f6sund, wo Sie Ihre Probleml\u00f6sungs- [&hellip;]<\/p>\n","protected":false},"author":1,"featured_media":0,"parent":0,"menu_order":0,"comment_status":"closed","ping_status":"closed","template":"elementor_header_footer","meta":{"_acf_changed":false,"footnotes":""},"tags":[],"class_list":["post-477","page","type-page","status-publish","hentry"],"acf":[],"_links":{"self":[{"href":"https:\/\/horsviksstugor.se\/de\/wp-json\/wp\/v2\/pages\/477","targetHints":{"allow":["GET"]}}],"collection":[{"href":"https:\/\/horsviksstugor.se\/de\/wp-json\/wp\/v2\/pages"}],"about":[{"href":"https:\/\/horsviksstugor.se\/de\/wp-json\/wp\/v2\/types\/page"}],"author":[{"embeddable":true,"href":"https:\/\/horsviksstugor.se\/de\/wp-json\/wp\/v2\/users\/1"}],"replies":[{"embeddable":true,"href":"https:\/\/horsviksstugor.se\/de\/wp-json\/wp\/v2\/comments?post=477"}],"version-history":[{"count":27,"href":"https:\/\/horsviksstugor.se\/de\/wp-json\/wp\/v2\/pages\/477\/revisions"}],"predecessor-version":[{"id":5824,"href":"https:\/\/horsviksstugor.se\/de\/wp-json\/wp\/v2\/pages\/477\/revisions\/5824"}],"wp:attachment":[{"href":"https:\/\/horsviksstugor.se\/de\/wp-json\/wp\/v2\/media?parent=477"}],"wp:term":[{"taxonomy":"post_tag","embeddable":true,"href":"https:\/\/horsviksstugor.se\/de\/wp-json\/wp\/v2\/tags?post=477"}],"curies":[{"name":"wp","href":"https:\/\/api.w.org\/{rel}","templated":true}]}}