{"id":480,"date":"2025-01-07T11:38:01","date_gmt":"2025-01-07T11:38:01","guid":{"rendered":"https:\/\/horsviksstugor.se\/?page_id=480"},"modified":"2026-03-04T13:06:38","modified_gmt":"2026-03-04T13:06:38","slug":"unterkuenfte","status":"publish","type":"page","link":"https:\/\/horsviksstugor.se\/de\/unterkuenfte\/","title":{"rendered":"Unterkunft"},"content":{"rendered":"\t\t<div data-elementor-type=\"wp-page\" data-elementor-id=\"480\" class=\"elementor elementor-480 elementor-15\" data-elementor-post-type=\"page\">\n\t\t\t\t<div class=\"elementor-element elementor-element-81fa1a6 e-flex e-con-boxed e-con e-parent\" data-id=\"81fa1a6\" data-element_type=\"container\" data-settings=\"{&quot;background_background&quot;:&quot;classic&quot;}\">\n\t\t\t\t\t<div class=\"e-con-inner\">\n\t\t\t\t<div class=\"elementor-element elementor-element-e105cd5 elementor-widget elementor-widget-heading\" data-id=\"e105cd5\" data-element_type=\"widget\" data-widget_type=\"heading.default\">\n\t\t\t\t<div class=\"elementor-widget-container\">\n\t\t\t\t\t<h1 class=\"elementor-heading-title elementor-size-default\">Cottages am Meer mit Charme<\/h1>\t\t\t\t<\/div>\n\t\t\t\t<\/div>\n\t\t\t\t<div class=\"elementor-element elementor-element-d959e7f elementor-widget elementor-widget-heading\" data-id=\"d959e7f\" data-element_type=\"widget\" data-widget_type=\"heading.default\">\n\t\t\t\t<div class=\"elementor-widget-container\">\n\t\t\t\t\t<h5 class=\"elementor-heading-title elementor-size-default\">Einfache, naturnahe Unterk\u00fcnfte am Meer in Horsvik. W\u00e4hlen Sie zwischen zwei einzigartigen Unterk\u00fcnften, die Ruhe, Privatsph\u00e4re und eine starke Verbindung zur umliegenden Landschaft bieten.<\/h5>\t\t\t\t<\/div>\n\t\t\t\t<\/div>\n\t\t\t\t\t<\/div>\n\t\t\t\t<\/div>\n\t\t<div class=\"elementor-element elementor-element-e7187cb e-flex e-con-boxed e-con e-parent\" data-id=\"e7187cb\" data-element_type=\"container\" id=\"buchen\">\n\t\t\t\t\t<div class=\"e-con-inner\">\n\t\t\t\t\t<\/div>\n\t\t\t\t<\/div>\n\t\t<div class=\"elementor-element elementor-element-5400778 e-flex e-con-boxed e-con e-parent\" data-id=\"5400778\" data-element_type=\"container\">\n\t\t\t\t\t<div class=\"e-con-inner\">\n\t\t\t\t<div class=\"elementor-element elementor-element-2bba2e8 elementor-widget elementor-widget-heading\" data-id=\"2bba2e8\" data-element_type=\"widget\" data-widget_type=\"heading.default\">\n\t\t\t\t<div class=\"elementor-widget-container\">\n\t\t\t\t\t<h2 class=\"elementor-heading-title elementor-size-default\">W\u00e4hlen Sie Ihren Lieblingsplatz zum \u00dcbernachten \u2026<\/h2>\t\t\t\t<\/div>\n\t\t\t\t<\/div>\n\t\t\t\t\t<\/div>\n\t\t\t\t<\/div>\n\t\t<div class=\"elementor-element elementor-element-13005ed e-con-full e-flex e-con e-parent\" data-id=\"13005ed\" data-element_type=\"container\" data-settings=\"{&quot;background_background&quot;:&quot;classic&quot;}\">\n\t\t<div class=\"elementor-element elementor-element-bed6ad2 e-con-full e-flex e-con e-child\" data-id=\"bed6ad2\" data-element_type=\"container\">\n\t\t<div class=\"elementor-element elementor-element-425c05a e-con-full e-flex e-con e-child\" data-id=\"425c05a\" data-element_type=\"container\">\n\t\t\t\t<div class=\"elementor-element elementor-element-ed57f37 elementor-widget elementor-widget-heading\" data-id=\"ed57f37\" data-element_type=\"widget\" data-widget_type=\"heading.default\">\n\t\t\t\t<div class=\"elementor-widget-container\">\n\t\t\t\t\t<h2 class=\"elementor-heading-title elementor-size-default\">Adam &amp; Eva<\/h2>\t\t\t\t<\/div>\n\t\t\t\t<\/div>\n\t\t\t\t<div class=\"elementor-element elementor-element-dbcc459 elementor-widget elementor-widget-text-editor\" data-id=\"dbcc459\" data-element_type=\"widget\" data-widget_type=\"text-editor.default\">\n\t\t\t\t<div class=\"elementor-widget-container\">\n\t\t\t\t\t\t\t\t\t<p>Eine ruhige und naturnahe Unterkunft, bestehend aus zwei kleinen H\u00fctten mit insgesamt f\u00fcnf Schlafpl\u00e4tzen. Ideal f\u00fcr Familien oder kleinere Gruppen, die eine einfache und authentische Unterkunft am Meer suchen, umgeben von Wald, Felsen und frischer Meeresluft.<\/p>\t\t\t\t\t\t\t\t<\/div>\n\t\t\t\t<\/div>\n\t\t\t\t<\/div>\n\t\t<div class=\"elementor-element elementor-element-2b7fed1 e-con-full e-flex e-con e-child\" data-id=\"2b7fed1\" data-element_type=\"container\">\n\t\t<div class=\"elementor-element elementor-element-1b2713b e-con-full e-flex e-con e-child\" data-id=\"1b2713b\" data-element_type=\"container\">\n\t\t<div class=\"elementor-element elementor-element-3f9aaae e-con-full e-flex e-con e-child\" data-id=\"3f9aaae\" data-element_type=\"container\">\n\t\t\t\t<div class=\"elementor-element elementor-element-c534451 elementor-widget elementor-widget-text-editor\" data-id=\"c534451\" data-element_type=\"widget\" data-widget_type=\"text-editor.default\">\n\t\t\t\t<div class=\"elementor-widget-container\">\n\t\t\t\t\t\t\t\t\t<h5>Ab 1.200 SEK \/ Nacht<\/h5>\t\t\t\t\t\t\t\t<\/div>\n\t\t\t\t<\/div>\n\t\t\t\t<div class=\"elementor-element elementor-element-7d8bd3c elementor-widget elementor-widget-text-editor\" data-id=\"7d8bd3c\" data-element_type=\"widget\" data-widget_type=\"text-editor.default\">\n\t\t\t\t<div class=\"elementor-widget-container\">\n\t\t\t\t\t\t\t\t\t<p>Nebensaison: 1200\u20131750 SEK<br \/>Hochsaison (Wochen 26\u201337): 2300 SEK<\/p>\t\t\t\t\t\t\t\t<\/div>\n\t\t\t\t<\/div>\n\t\t\t\t<\/div>\n\t\t<div class=\"elementor-element elementor-element-287bde1 e-con-full e-flex e-con e-child\" data-id=\"287bde1\" data-element_type=\"container\">\n\t\t\t\t<div class=\"elementor-element elementor-element-f663bfe elementor-align-center elementor-widget elementor-widget-button\" data-id=\"f663bfe\" data-element_type=\"widget\" data-widget_type=\"button.default\">\n\t\t\t\t<div class=\"elementor-widget-container\">\n\t\t\t\t\t\t\t\t\t<div class=\"elementor-button-wrapper\">\n\t\t\t\t\t<a class=\"elementor-button elementor-button-link elementor-size-sm\" href=\"https:\/\/horsviksstugor.se\/de\/unterkuenfte\/adam-eva\">\n\t\t\t\t\t\t<span class=\"elementor-button-content-wrapper\">\n\t\t\t\t\t\t\t\t\t<span class=\"elementor-button-text\">Jetzt buchen<\/span>\n\t\t\t\t\t<\/span>\n\t\t\t\t\t<\/a>\n\t\t\t\t<\/div>\n\t\t\t\t\t\t\t\t<\/div>\n\t\t\t\t<\/div>\n\t\t\t\t<\/div>\n\t\t\t\t<\/div>\n\t\t\t\t<\/div>\n\t\t\t\t<\/div>\n\t\t<div class=\"elementor-element elementor-element-678ebc2 e-con-full e-flex e-con e-child\" data-id=\"678ebc2\" data-element_type=\"container\">\n\t\t\t\t<div class=\"elementor-element elementor-element-e1cf2aa elementor-widget elementor-widget-image\" data-id=\"e1cf2aa\" data-element_type=\"widget\" data-widget_type=\"image.default\">\n\t\t\t\t<div class=\"elementor-widget-container\">\n\t\t\t\t\t\t\t\t\t\t\t\t\t\t\t<img fetchpriority=\"high\" decoding=\"async\" width=\"1200\" height=\"1200\" src=\"https:\/\/horsviksstugor.se\/wp-content\/uploads\/2026\/01\/adam-eva-flygbild.webp\" class=\"attachment-full size-full wp-image-5567\" alt=\"\" srcset=\"https:\/\/horsviksstugor.se\/wp-content\/uploads\/2026\/01\/adam-eva-flygbild.webp 1200w, https:\/\/horsviksstugor.se\/wp-content\/uploads\/2026\/01\/adam-eva-flygbild-300x300.webp 300w, https:\/\/horsviksstugor.se\/wp-content\/uploads\/2026\/01\/adam-eva-flygbild-1024x1024.webp 1024w, https:\/\/horsviksstugor.se\/wp-content\/uploads\/2026\/01\/adam-eva-flygbild-150x150.webp 150w, https:\/\/horsviksstugor.se\/wp-content\/uploads\/2026\/01\/adam-eva-flygbild-768x768.webp 768w\" sizes=\"(max-width: 1200px) 100vw, 1200px\" \/>\t\t\t\t\t\t\t\t\t\t\t\t\t\t\t<\/div>\n\t\t\t\t<\/div>\n\t\t\t\t<\/div>\n\t\t\t\t<\/div>\n\t\t<div class=\"elementor-element elementor-element-93eba13 e-con-full e-flex e-con e-parent\" data-id=\"93eba13\" data-element_type=\"container\" data-settings=\"{&quot;background_background&quot;:&quot;classic&quot;}\">\n\t\t<div class=\"elementor-element elementor-element-97c778e e-con-full e-flex e-con e-child\" data-id=\"97c778e\" data-element_type=\"container\">\n\t\t\t\t<div class=\"elementor-element elementor-element-97e42bd elementor-widget elementor-widget-image\" data-id=\"97e42bd\" data-element_type=\"widget\" data-widget_type=\"image.default\">\n\t\t\t\t<div class=\"elementor-widget-container\">\n\t\t\t\t\t\t\t\t\t\t\t\t\t\t\t<img decoding=\"async\" width=\"1200\" height=\"1200\" src=\"https:\/\/horsviksstugor.se\/wp-content\/uploads\/2026\/01\/hagstugan-exterior-square.webp\" class=\"attachment-full size-full wp-image-5445\" alt=\"\" srcset=\"https:\/\/horsviksstugor.se\/wp-content\/uploads\/2026\/01\/hagstugan-exterior-square.webp 1200w, https:\/\/horsviksstugor.se\/wp-content\/uploads\/2026\/01\/hagstugan-exterior-square-300x300.webp 300w, https:\/\/horsviksstugor.se\/wp-content\/uploads\/2026\/01\/hagstugan-exterior-square-1024x1024.webp 1024w, https:\/\/horsviksstugor.se\/wp-content\/uploads\/2026\/01\/hagstugan-exterior-square-150x150.webp 150w, https:\/\/horsviksstugor.se\/wp-content\/uploads\/2026\/01\/hagstugan-exterior-square-768x768.webp 768w\" sizes=\"(max-width: 1200px) 100vw, 1200px\" \/>\t\t\t\t\t\t\t\t\t\t\t\t\t\t\t<\/div>\n\t\t\t\t<\/div>\n\t\t\t\t<\/div>\n\t\t<div class=\"elementor-element elementor-element-4adb6ea e-con-full e-flex e-con e-child\" data-id=\"4adb6ea\" data-element_type=\"container\">\n\t\t<div class=\"elementor-element elementor-element-9148318 e-con-full e-flex e-con e-child\" data-id=\"9148318\" data-element_type=\"container\">\n\t\t\t\t<div class=\"elementor-element elementor-element-91e1848 elementor-widget elementor-widget-heading\" data-id=\"91e1848\" data-element_type=\"widget\" data-widget_type=\"heading.default\">\n\t\t\t\t<div class=\"elementor-widget-container\">\n\t\t\t\t\t<h2 class=\"elementor-heading-title elementor-size-default\">Hagstugan<\/h2>\t\t\t\t<\/div>\n\t\t\t\t<\/div>\n\t\t\t\t<div class=\"elementor-element elementor-element-daab30d elementor-widget elementor-widget-text-editor\" data-id=\"daab30d\" data-element_type=\"widget\" data-widget_type=\"text-editor.default\">\n\t\t\t\t<div class=\"elementor-widget-container\">\n\t\t\t\t\t\t\t\t\tHagstugan ist eine einfache und charmante K\u00fcstenh\u00fctte, umgeben von Natur, mit dem Meer nur einen kurzen Spaziergang entfernt. Ein gem\u00fctlicher und ruhiger Aufenthalt mit Fokus auf entspannter Umgebung, sch\u00f6ner Landschaft und einfachem Zugang zum Schwimmen und erholsamen Tagen am Wasser.\t\t\t\t\t\t\t\t<\/div>\n\t\t\t\t<\/div>\n\t\t\t\t<\/div>\n\t\t<div class=\"elementor-element elementor-element-0a48bdb e-con-full e-flex e-con e-child\" data-id=\"0a48bdb\" data-element_type=\"container\">\n\t\t<div class=\"elementor-element elementor-element-d605ae9 e-con-full e-flex e-con e-child\" data-id=\"d605ae9\" data-element_type=\"container\">\n\t\t\t\t<div class=\"elementor-element elementor-element-66b8f2a elementor-widget elementor-widget-text-editor\" data-id=\"66b8f2a\" data-element_type=\"widget\" data-widget_type=\"text-editor.default\">\n\t\t\t\t<div class=\"elementor-widget-container\">\n\t\t\t\t\t\t\t\t\t<h5>Ab 750 SEK \/ Nacht<\/h5>\t\t\t\t\t\t\t\t<\/div>\n\t\t\t\t<\/div>\n\t\t\t\t<div class=\"elementor-element elementor-element-8103ee7 elementor-widget elementor-widget-text-editor\" data-id=\"8103ee7\" data-element_type=\"widget\" data-widget_type=\"text-editor.default\">\n\t\t\t\t<div class=\"elementor-widget-container\">\n\t\t\t\t\t\t\t\t\t<p>Nebensaison: 750 SEK<br \/>Hochsaison (Wochen 26\u201337): 950 SEK<\/p>\t\t\t\t\t\t\t\t<\/div>\n\t\t\t\t<\/div>\n\t\t\t\t<\/div>\n\t\t<div class=\"elementor-element elementor-element-c3442ee e-con-full e-flex e-con e-child\" data-id=\"c3442ee\" data-element_type=\"container\">\n\t\t\t\t<div class=\"elementor-element elementor-element-a25362f elementor-align-center elementor-widget elementor-widget-button\" data-id=\"a25362f\" data-element_type=\"widget\" data-widget_type=\"button.default\">\n\t\t\t\t<div class=\"elementor-widget-container\">\n\t\t\t\t\t\t\t\t\t<div class=\"elementor-button-wrapper\">\n\t\t\t\t\t<a class=\"elementor-button elementor-button-link elementor-size-sm\" href=\"https:\/\/horsviksstugor.se\/de\/unterkuenfte\/hagstugan\">\n\t\t\t\t\t\t<span class=\"elementor-button-content-wrapper\">\n\t\t\t\t\t\t\t\t\t<span class=\"elementor-button-text\">Jetzt buchen<\/span>\n\t\t\t\t\t<\/span>\n\t\t\t\t\t<\/a>\n\t\t\t\t<\/div>\n\t\t\t\t\t\t\t\t<\/div>\n\t\t\t\t<\/div>\n\t\t\t\t<\/div>\n\t\t\t\t<\/div>\n\t\t\t\t<\/div>\n\t\t\t\t<\/div>\n\t\t<div class=\"elementor-element elementor-element-1964ff0 e-con-full e-flex e-con e-parent\" data-id=\"1964ff0\" data-element_type=\"container\">\n\t\t\t\t<div class=\"elementor-element elementor-element-a36eaf9 elementor-arrows-position-inside elementor-pagination-position-outside elementor-widget elementor-widget-image-carousel\" data-id=\"a36eaf9\" data-element_type=\"widget\" data-settings=\"{&quot;lazyload&quot;:&quot;yes&quot;,&quot;navigation&quot;:&quot;both&quot;,&quot;autoplay&quot;:&quot;yes&quot;,&quot;pause_on_hover&quot;:&quot;yes&quot;,&quot;pause_on_interaction&quot;:&quot;yes&quot;,&quot;autoplay_speed&quot;:5000,&quot;infinite&quot;:&quot;yes&quot;,&quot;speed&quot;:500,&quot;image_spacing_custom&quot;:{&quot;unit&quot;:&quot;px&quot;,&quot;size&quot;:20,&quot;sizes&quot;:[]},&quot;image_spacing_custom_tablet&quot;:{&quot;unit&quot;:&quot;px&quot;,&quot;size&quot;:&quot;&quot;,&quot;sizes&quot;:[]},&quot;image_spacing_custom_mobile&quot;:{&quot;unit&quot;:&quot;px&quot;,&quot;size&quot;:&quot;&quot;,&quot;sizes&quot;:[]}}\" data-widget_type=\"image-carousel.default\">\n\t\t\t\t<div class=\"elementor-widget-container\">\n\t\t\t\t\t\t\t<div class=\"elementor-image-carousel-wrapper swiper\" role=\"region\" aria-roledescription=\"carousel\" aria-label=\"Image Carousel\" dir=\"ltr\">\n\t\t\t<div class=\"elementor-image-carousel swiper-wrapper\" aria-live=\"off\">\n\t\t\t\t\t\t\t\t<div class=\"swiper-slide\" role=\"group\" aria-roledescription=\"slide\" aria-label=\"1 von 13\"><a data-elementor-open-lightbox=\"yes\" data-elementor-lightbox-slideshow=\"a36eaf9\" data-e-action-hash=\"#elementor-action%3Aaction%3Dlightbox%26settings%3DeyJpZCI6MTgwNiwidXJsIjoiaHR0cHM6XC9cL2hvcnN2aWtzc3R1Z29yLnNlXC93cC1jb250ZW50XC91cGxvYWRzXC8yMDI1XC8wMlwvaG9yc3Zpay1nYXJkLndlYnAiLCJzbGlkZXNob3ciOiJhMzZlYWY5In0%3D\" href=\"https:\/\/horsviksstugor.se\/wp-content\/uploads\/2025\/02\/horsvik-gard.webp\"><figure class=\"swiper-slide-inner\"><img class=\"swiper-slide-image swiper-lazy\" data-src=\"https:\/\/horsviksstugor.se\/wp-content\/uploads\/2025\/02\/horsvik-gard-768x432.webp\" alt=\"\" \/><div class=\"swiper-lazy-preloader\"><\/div><\/figure><\/a><\/div><div class=\"swiper-slide\" role=\"group\" aria-roledescription=\"slide\" aria-label=\"2 von 13\"><a data-elementor-open-lightbox=\"yes\" data-elementor-lightbox-slideshow=\"a36eaf9\" data-e-action-hash=\"#elementor-action%3Aaction%3Dlightbox%26settings%3DeyJpZCI6MTgwNCwidXJsIjoiaHR0cHM6XC9cL2hvcnN2aWtzc3R1Z29yLnNlXC93cC1jb250ZW50XC91cGxvYWRzXC8yMDI1XC8wMlwvaG9yc3Zpay1iYXRodXMtb3ZlcnNpa3Qud2VicCIsInNsaWRlc2hvdyI6ImEzNmVhZjkifQ%3D%3D\" href=\"https:\/\/horsviksstugor.se\/wp-content\/uploads\/2025\/02\/horsvik-bathus-oversikt.webp\"><figure class=\"swiper-slide-inner\"><img class=\"swiper-slide-image swiper-lazy\" data-src=\"https:\/\/horsviksstugor.se\/wp-content\/uploads\/2025\/02\/horsvik-bathus-oversikt-768x432.webp\" alt=\"\" \/><div class=\"swiper-lazy-preloader\"><\/div><\/figure><\/a><\/div><div class=\"swiper-slide\" role=\"group\" aria-roledescription=\"slide\" aria-label=\"3 von 13\"><a data-elementor-open-lightbox=\"yes\" data-elementor-lightbox-slideshow=\"a36eaf9\" data-e-action-hash=\"#elementor-action%3Aaction%3Dlightbox%26settings%3DeyJpZCI6MTgwMiwidXJsIjoiaHR0cHM6XC9cL2hvcnN2aWtzc3R1Z29yLnNlXC93cC1jb250ZW50XC91cGxvYWRzXC8yMDI1XC8wMlwvaG9yc3Zpay1vdmVyc2lrdC1mYWx0LndlYnAiLCJzbGlkZXNob3ciOiJhMzZlYWY5In0%3D\" href=\"https:\/\/horsviksstugor.se\/wp-content\/uploads\/2025\/02\/horsvik-oversikt-falt.webp\"><figure class=\"swiper-slide-inner\"><img class=\"swiper-slide-image swiper-lazy\" data-src=\"https:\/\/horsviksstugor.se\/wp-content\/uploads\/2025\/02\/horsvik-oversikt-falt-768x432.webp\" alt=\"\" \/><div class=\"swiper-lazy-preloader\"><\/div><\/figure><\/a><\/div><div class=\"swiper-slide\" role=\"group\" aria-roledescription=\"slide\" aria-label=\"4 von 13\"><a data-elementor-open-lightbox=\"yes\" data-elementor-lightbox-slideshow=\"a36eaf9\" data-e-action-hash=\"#elementor-action%3Aaction%3Dlightbox%26settings%3DeyJpZCI6MTg0OCwidXJsIjoiaHR0cHM6XC9cL2hvcnN2aWtzc3R1Z29yLnNlXC93cC1jb250ZW50XC91cGxvYWRzXC8yMDI1XC8wMlwvaG9yc3Zpay11dHNpa3QtYmFuay53ZWJwIiwic2xpZGVzaG93IjoiYTM2ZWFmOSJ9\" href=\"https:\/\/horsviksstugor.se\/wp-content\/uploads\/2025\/02\/horsvik-utsikt-bank.webp\"><figure class=\"swiper-slide-inner\"><img class=\"swiper-slide-image swiper-lazy\" data-src=\"https:\/\/horsviksstugor.se\/wp-content\/uploads\/2025\/02\/horsvik-utsikt-bank-768x432.webp\" alt=\"\" \/><div class=\"swiper-lazy-preloader\"><\/div><\/figure><\/a><\/div><div class=\"swiper-slide\" role=\"group\" aria-roledescription=\"slide\" aria-label=\"5 von 13\"><a data-elementor-open-lightbox=\"yes\" data-elementor-lightbox-slideshow=\"a36eaf9\" data-e-action-hash=\"#elementor-action%3Aaction%3Dlightbox%26settings%3DeyJpZCI6MTc5OCwidXJsIjoiaHR0cHM6XC9cL2hvcnN2aWtzc3R1Z29yLnNlXC93cC1jb250ZW50XC91cGxvYWRzXC8yMDI1XC8wMlwvaG9yc3Zpay1oYXYtMS53ZWJwIiwic2xpZGVzaG93IjoiYTM2ZWFmOSJ9\" href=\"https:\/\/horsviksstugor.se\/wp-content\/uploads\/2025\/02\/horsvik-hav-1.webp\"><figure class=\"swiper-slide-inner\"><img class=\"swiper-slide-image swiper-lazy\" data-src=\"https:\/\/horsviksstugor.se\/wp-content\/uploads\/2025\/02\/horsvik-hav-1-768x432.webp\" alt=\"\" \/><div class=\"swiper-lazy-preloader\"><\/div><\/figure><\/a><\/div><div class=\"swiper-slide\" role=\"group\" aria-roledescription=\"slide\" aria-label=\"6 von 13\"><a data-elementor-open-lightbox=\"yes\" data-elementor-lightbox-slideshow=\"a36eaf9\" data-e-action-hash=\"#elementor-action%3Aaction%3Dlightbox%26settings%3DeyJpZCI6MTc5NiwidXJsIjoiaHR0cHM6XC9cL2hvcnN2aWtzc3R1Z29yLnNlXC93cC1jb250ZW50XC91cGxvYWRzXC8yMDI1XC8wMlwvaG9yc3Zpay1nYXJkLWhpc3RvcmlhLndlYnAiLCJzbGlkZXNob3ciOiJhMzZlYWY5In0%3D\" href=\"https:\/\/horsviksstugor.se\/wp-content\/uploads\/2025\/02\/horsvik-gard-historia.webp\"><figure class=\"swiper-slide-inner\"><img class=\"swiper-slide-image swiper-lazy\" data-src=\"https:\/\/horsviksstugor.se\/wp-content\/uploads\/2025\/02\/horsvik-gard-historia-768x432.webp\" alt=\"\" \/><div class=\"swiper-lazy-preloader\"><\/div><\/figure><\/a><\/div><div class=\"swiper-slide\" role=\"group\" aria-roledescription=\"slide\" aria-label=\"7 von 13\"><a data-elementor-open-lightbox=\"yes\" data-elementor-lightbox-slideshow=\"a36eaf9\" data-e-action-hash=\"#elementor-action%3Aaction%3Dlightbox%26settings%3DeyJpZCI6MTc5NCwidXJsIjoiaHR0cHM6XC9cL2hvcnN2aWtzc3R1Z29yLnNlXC93cC1jb250ZW50XC91cGxvYWRzXC8yMDI1XC8wMlwvaG9yc3Zpay1iYXRodXMtZmFsdC53ZWJwIiwic2xpZGVzaG93IjoiYTM2ZWFmOSJ9\" href=\"https:\/\/horsviksstugor.se\/wp-content\/uploads\/2025\/02\/horsvik-bathus-falt.webp\"><figure class=\"swiper-slide-inner\"><img class=\"swiper-slide-image swiper-lazy\" data-src=\"https:\/\/horsviksstugor.se\/wp-content\/uploads\/2025\/02\/horsvik-bathus-falt-768x432.webp\" alt=\"\" \/><div class=\"swiper-lazy-preloader\"><\/div><\/figure><\/a><\/div><div class=\"swiper-slide\" role=\"group\" aria-roledescription=\"slide\" aria-label=\"8 von 13\"><a data-elementor-open-lightbox=\"yes\" data-elementor-lightbox-slideshow=\"a36eaf9\" data-e-action-hash=\"#elementor-action%3Aaction%3Dlightbox%26settings%3DeyJpZCI6MTc5MiwidXJsIjoiaHR0cHM6XC9cL2hvcnN2aWtzc3R1Z29yLnNlXC93cC1jb250ZW50XC91cGxvYWRzXC8yMDI1XC8wMlwvaG9yc3Zpay1nYXJkLXV0c2lrLXNrYXJnYXJkLndlYnAiLCJzbGlkZXNob3ciOiJhMzZlYWY5In0%3D\" href=\"https:\/\/horsviksstugor.se\/wp-content\/uploads\/2025\/02\/horsvik-gard-utsik-skargard.webp\"><figure class=\"swiper-slide-inner\"><img class=\"swiper-slide-image swiper-lazy\" data-src=\"https:\/\/horsviksstugor.se\/wp-content\/uploads\/2025\/02\/horsvik-gard-utsik-skargard-768x432.webp\" alt=\"\" \/><div class=\"swiper-lazy-preloader\"><\/div><\/figure><\/a><\/div><div class=\"swiper-slide\" role=\"group\" aria-roledescription=\"slide\" aria-label=\"9 von 13\"><a data-elementor-open-lightbox=\"yes\" data-elementor-lightbox-slideshow=\"a36eaf9\" data-e-action-hash=\"#elementor-action%3Aaction%3Dlightbox%26settings%3DeyJpZCI6MTc5MCwidXJsIjoiaHR0cHM6XC9cL2hvcnN2aWtzc3R1Z29yLnNlXC93cC1jb250ZW50XC91cGxvYWRzXC8yMDI1XC8wMlwvaG9yc3Zpay1oYWdlLndlYnAiLCJzbGlkZXNob3ciOiJhMzZlYWY5In0%3D\" href=\"https:\/\/horsviksstugor.se\/wp-content\/uploads\/2025\/02\/horsvik-hage.webp\"><figure class=\"swiper-slide-inner\"><img class=\"swiper-slide-image swiper-lazy\" data-src=\"https:\/\/horsviksstugor.se\/wp-content\/uploads\/2025\/02\/horsvik-hage-768x432.webp\" alt=\"\" \/><div class=\"swiper-lazy-preloader\"><\/div><\/figure><\/a><\/div><div class=\"swiper-slide\" role=\"group\" aria-roledescription=\"slide\" aria-label=\"10 von 13\"><a data-elementor-open-lightbox=\"yes\" data-elementor-lightbox-slideshow=\"a36eaf9\" data-e-action-hash=\"#elementor-action%3Aaction%3Dlightbox%26settings%3DeyJpZCI6MTc4OCwidXJsIjoiaHR0cHM6XC9cL2hvcnN2aWtzc3R1Z29yLnNlXC93cC1jb250ZW50XC91cGxvYWRzXC8yMDI1XC8wMlwvaG9yc3Zpay1vdmVyc2lrdC1nYXJkLWhhdi53ZWJwIiwic2xpZGVzaG93IjoiYTM2ZWFmOSJ9\" href=\"https:\/\/horsviksstugor.se\/wp-content\/uploads\/2025\/02\/horsvik-oversikt-gard-hav.webp\"><figure class=\"swiper-slide-inner\"><img class=\"swiper-slide-image swiper-lazy\" data-src=\"https:\/\/horsviksstugor.se\/wp-content\/uploads\/2025\/02\/horsvik-oversikt-gard-hav-768x432.webp\" alt=\"\" \/><div class=\"swiper-lazy-preloader\"><\/div><\/figure><\/a><\/div><div class=\"swiper-slide\" role=\"group\" aria-roledescription=\"slide\" aria-label=\"11 von 13\"><a data-elementor-open-lightbox=\"yes\" data-elementor-lightbox-slideshow=\"a36eaf9\" data-e-action-hash=\"#elementor-action%3Aaction%3Dlightbox%26settings%3DeyJpZCI6MTc4NiwidXJsIjoiaHR0cHM6XC9cL2hvcnN2aWtzc3R1Z29yLnNlXC93cC1jb250ZW50XC91cGxvYWRzXC8yMDI1XC8wMlwvaG9yc3Zpay1zdHVnYS1za2FyZ2FyZC53ZWJwIiwic2xpZGVzaG93IjoiYTM2ZWFmOSJ9\" href=\"https:\/\/horsviksstugor.se\/wp-content\/uploads\/2025\/02\/horsvik-stuga-skargard.webp\"><figure class=\"swiper-slide-inner\"><img class=\"swiper-slide-image swiper-lazy\" data-src=\"https:\/\/horsviksstugor.se\/wp-content\/uploads\/2025\/02\/horsvik-stuga-skargard-768x432.webp\" alt=\"\" \/><div class=\"swiper-lazy-preloader\"><\/div><\/figure><\/a><\/div><div class=\"swiper-slide\" role=\"group\" aria-roledescription=\"slide\" aria-label=\"12 von 13\"><a data-elementor-open-lightbox=\"yes\" data-elementor-lightbox-slideshow=\"a36eaf9\" data-e-action-hash=\"#elementor-action%3Aaction%3Dlightbox%26settings%3DeyJpZCI6MTc4NCwidXJsIjoiaHR0cHM6XC9cL2hvcnN2aWtzc3R1Z29yLnNlXC93cC1jb250ZW50XC91cGxvYWRzXC8yMDI1XC8wMlwvaG9yc3Zpay11dHNpa3QtaGF2LndlYnAiLCJzbGlkZXNob3ciOiJhMzZlYWY5In0%3D\" href=\"https:\/\/horsviksstugor.se\/wp-content\/uploads\/2025\/02\/horsvik-utsikt-hav.webp\"><figure class=\"swiper-slide-inner\"><img class=\"swiper-slide-image swiper-lazy\" data-src=\"https:\/\/horsviksstugor.se\/wp-content\/uploads\/2025\/02\/horsvik-utsikt-hav-768x432.webp\" alt=\"\" \/><div class=\"swiper-lazy-preloader\"><\/div><\/figure><\/a><\/div><div class=\"swiper-slide\" role=\"group\" aria-roledescription=\"slide\" aria-label=\"13 von 13\"><a data-elementor-open-lightbox=\"yes\" data-elementor-lightbox-slideshow=\"a36eaf9\" data-e-action-hash=\"#elementor-action%3Aaction%3Dlightbox%26settings%3DeyJpZCI6MTc4MiwidXJsIjoiaHR0cHM6XC9cL2hvcnN2aWtzc3R1Z29yLnNlXC93cC1jb250ZW50XC91cGxvYWRzXC8yMDI1XC8wMlwvaG9yc3Zpay1iYXRodXMtMS53ZWJwIiwic2xpZGVzaG93IjoiYTM2ZWFmOSJ9\" href=\"https:\/\/horsviksstugor.se\/wp-content\/uploads\/2025\/02\/horsvik-bathus-1.webp\"><figure class=\"swiper-slide-inner\"><img class=\"swiper-slide-image swiper-lazy\" data-src=\"https:\/\/horsviksstugor.se\/wp-content\/uploads\/2025\/02\/horsvik-bathus-1-768x432.webp\" alt=\"\" \/><div class=\"swiper-lazy-preloader\"><\/div><\/figure><\/a><\/div>\t\t\t<\/div>\n\t\t\t\t\t\t\t\t\t\t\t\t<div class=\"elementor-swiper-button elementor-swiper-button-prev\" role=\"button\" tabindex=\"0\">\n\t\t\t\t\t\t<svg aria-hidden=\"true\" class=\"e-font-icon-svg e-eicon-chevron-left\" viewBox=\"0 0 1000 1000\" xmlns=\"http:\/\/www.w3.org\/2000\/svg\"><path d=\"M646 125C629 125 613 133 604 142L308 442C296 454 292 471 292 487 292 504 296 521 308 533L604 854C617 867 629 875 646 875 663 875 679 871 692 858 704 846 713 829 713 812 713 796 708 779 692 767L438 487 692 225C700 217 708 204 708 187 708 171 704 154 692 142 675 129 663 125 646 125Z\"><\/path><\/svg>\t\t\t\t\t<\/div>\n\t\t\t\t\t<div class=\"elementor-swiper-button elementor-swiper-button-next\" role=\"button\" tabindex=\"0\">\n\t\t\t\t\t\t<svg aria-hidden=\"true\" class=\"e-font-icon-svg e-eicon-chevron-right\" viewBox=\"0 0 1000 1000\" xmlns=\"http:\/\/www.w3.org\/2000\/svg\"><path d=\"M696 533C708 521 713 504 713 487 713 471 708 454 696 446L400 146C388 133 375 125 354 125 338 125 325 129 313 142 300 154 292 171 292 187 292 204 296 221 308 233L563 492 304 771C292 783 288 800 288 817 288 833 296 850 308 863 321 871 338 875 354 875 371 875 388 867 400 854L696 533Z\"><\/path><\/svg>\t\t\t\t\t<\/div>\n\t\t\t\t\n\t\t\t\t\t\t\t\t\t<div class=\"swiper-pagination\"><\/div>\n\t\t\t\t\t\t\t\t\t<\/div>\n\t\t\t\t\t\t<\/div>\n\t\t\t\t<\/div>\n\t\t\t\t<\/div>\n\t\t<div class=\"elementor-element elementor-element-6263f65 e-con-full elementor-hidden-desktop elementor-hidden-tablet e-flex e-con e-parent\" data-id=\"6263f65\" data-element_type=\"container\" id=\"buchen\">\n\t\t\t\t<\/div>\n\t\t\t\t<\/div>\n\t\t","protected":false},"excerpt":{"rendered":"<p>Cottages am Meer mit Charme Einfache, naturnahe Unterk\u00fcnfte am Meer in Horsvik. W\u00e4hlen Sie zwischen zwei einzigartigen Unterk\u00fcnften, die Ruhe, Privatsph\u00e4re und eine starke Verbindung zur umliegenden Landschaft bieten. W\u00e4hlen Sie Ihren Lieblingsplatz zum \u00dcbernachten \u2026 Adam &amp; Eva Eine ruhige und naturnahe Unterkunft, bestehend aus zwei kleinen H\u00fctten mit insgesamt f\u00fcnf Schlafpl\u00e4tzen. Ideal f\u00fcr [&hellip;]<\/p>\n","protected":false},"author":1,"featured_media":0,"parent":0,"menu_order":0,"comment_status":"closed","ping_status":"closed","template":"elementor_header_footer","meta":{"_acf_changed":false,"footnotes":""},"tags":[],"class_list":["post-480","page","type-page","status-publish","hentry"],"acf":[],"_links":{"self":[{"href":"https:\/\/horsviksstugor.se\/de\/wp-json\/wp\/v2\/pages\/480","targetHints":{"allow":["GET"]}}],"collection":[{"href":"https:\/\/horsviksstugor.se\/de\/wp-json\/wp\/v2\/pages"}],"about":[{"href":"https:\/\/horsviksstugor.se\/de\/wp-json\/wp\/v2\/types\/page"}],"author":[{"embeddable":true,"href":"https:\/\/horsviksstugor.se\/de\/wp-json\/wp\/v2\/users\/1"}],"replies":[{"embeddable":true,"href":"https:\/\/horsviksstugor.se\/de\/wp-json\/wp\/v2\/comments?post=480"}],"version-history":[{"count":85,"href":"https:\/\/horsviksstugor.se\/de\/wp-json\/wp\/v2\/pages\/480\/revisions"}],"predecessor-version":[{"id":5983,"href":"https:\/\/horsviksstugor.se\/de\/wp-json\/wp\/v2\/pages\/480\/revisions\/5983"}],"wp:attachment":[{"href":"https:\/\/horsviksstugor.se\/de\/wp-json\/wp\/v2\/media?parent=480"}],"wp:term":[{"taxonomy":"post_tag","embeddable":true,"href":"https:\/\/horsviksstugor.se\/de\/wp-json\/wp\/v2\/tags?post=480"}],"curies":[{"name":"wp","href":"https:\/\/api.w.org\/{rel}","templated":true}]}}