{"id":571,"date":"2025-01-31T12:21:06","date_gmt":"2025-01-31T12:21:06","guid":{"rendered":"https:\/\/horsviksstugor.se\/?page_id=571"},"modified":"2025-07-17T07:57:02","modified_gmt":"2025-07-17T07:57:02","slug":"geschichte","status":"publish","type":"page","link":"https:\/\/horsviksstugor.se\/de\/geschichte\/","title":{"rendered":"Geschichte"},"content":{"rendered":"\t\t<div data-elementor-type=\"wp-page\" data-elementor-id=\"571\" class=\"elementor elementor-571 elementor-23\" data-elementor-post-type=\"page\">\n\t\t\t\t<div class=\"elementor-element elementor-element-b29dd35 e-flex e-con-boxed e-con e-parent\" data-id=\"b29dd35\" data-element_type=\"container\" data-e-type=\"container\" data-settings=\"{&quot;background_background&quot;:&quot;classic&quot;}\">\n\t\t\t\t\t<div class=\"e-con-inner\">\n\t\t\t\t<div class=\"elementor-element elementor-element-bf06128 elementor-widget elementor-widget-heading\" data-id=\"bf06128\" data-element_type=\"widget\" data-e-type=\"widget\" data-widget_type=\"heading.default\">\n\t\t\t\t<div class=\"elementor-widget-container\">\n\t\t\t\t\t<h1 class=\"elementor-heading-title elementor-size-default\">Geschichte von Horsvik<\/h1>\t\t\t\t<\/div>\n\t\t\t\t<\/div>\n\t\t\t\t<div class=\"elementor-element elementor-element-c17cc89 elementor-widget elementor-widget-heading\" data-id=\"c17cc89\" data-element_type=\"widget\" data-e-type=\"widget\" data-widget_type=\"heading.default\">\n\t\t\t\t<div class=\"elementor-widget-container\">\n\t\t\t\t\t<h5 class=\"elementor-heading-title elementor-size-default\">An der K\u00fcste von S\u00f6rmland, direkt am Meer au\u00dferhalb von Nyk\u00f6ping, liegt Horsvik - ein einzigartiger Ort, an dem die Zeit seit den 1950er Jahren stehen geblieben zu sein scheint. Hier werden Sie von einer malerischen Umgebung begr\u00fc\u00dft, in der der Charme der Vergangenheit in jedem Detail erhalten geblieben ist. <\/h5>\t\t\t\t<\/div>\n\t\t\t\t<\/div>\n\t\t\t\t\t<\/div>\n\t\t\t\t<\/div>\n\t\t<div class=\"elementor-element elementor-element-5e3067e e-con-full e-flex e-con e-parent\" data-id=\"5e3067e\" data-element_type=\"container\" data-e-type=\"container\">\n\t\t\t\t<div class=\"elementor-element elementor-element-3799c01 elementor-widget elementor-widget-text-editor\" data-id=\"3799c01\" data-element_type=\"widget\" data-e-type=\"widget\" data-widget_type=\"text-editor.default\">\n\t\t\t\t<div class=\"elementor-widget-container\">\n\t\t\t\t\t\t\t\t\t<p>Hier, am Rande des Meeres au\u00dferhalb von Nyk\u00f6ping, ist Horsvik seit den 1950er Jahren als echtes Sch\u00e4renjuwel erhalten geblieben. Die charmanten roten H\u00e4uschen mit den wei\u00dfen Knoten erz\u00e4hlen Geschichten von einem einfacheren Leben, in dem der Alltagsstress nie Einzug hielt. Die Gegend atmet Geschichte, von den gut erhaltenen Geb\u00e4uden bis hin zu der unber\u00fchrten Natur, die sie umgibt. Es ist ein Ort, an dem Generationen zur Ruhe gekommen sind, um gemeinsam Erinnerungen zu schaffen.   <\/p>\n<p>Das Sch\u00e4renhaus, das zu Horsvik geh\u00f6rt, ist ein einzigartiges Beispiel daf\u00fcr, wie man Naturschutz und kulturelles Erbe miteinander verbinden kann. Das alte Ackerland, die verschlungenen Wege und die gepflegte Landschaft zeugen von einem reichen Erbe, in dem Mensch und Natur in Harmonie nebeneinander gelebt haben. <\/p>\n<p>Es ist nicht schwer zu verstehen, warum Horsvik und seine Umgebung zu Geschichten inspiriert haben, die in den beliebten Inga Lindstr\u00f6m-Filmen festgehalten wurden. Die romantische Landschaft mit ihren glitzernden Seen, idyllischen Herrenh\u00e4usern und charmanten Kleinst\u00e4dten ist im wirklichen Leben ebenso magisch wie im Film. Die Menschen haben sich hier versammelt, um Inspiration zu finden, sich der Natur nahe zu f\u00fchlen und unvergessliche Momente miteinander zu teilen.  <\/p>\n<p>Aber in Horsvik geht es nicht nur um Geschichte. Hier geht es auch darum, neue Erinnerungen zu schaffen. Hier treffen Vergangenheit und Gegenwart in perfekter Symbiose aufeinander, wo G\u00e4ste das Beste aus beiden Welten erleben k\u00f6nnen &#8211; einen Blick in die Vergangenheit und die Chance, die Gegenwart zu genie\u00dfen.  <\/p>\t\t\t\t\t\t\t\t<\/div>\n\t\t\t\t<\/div>\n\t\t\t\t<\/div>\n\t\t<div class=\"elementor-element elementor-element-2a192942 e-con-full e-flex e-con e-parent\" data-id=\"2a192942\" data-element_type=\"container\" data-e-type=\"container\" data-settings=\"{&quot;background_background&quot;:&quot;classic&quot;}\">\n\t\t<div class=\"elementor-element elementor-element-5d3db225 e-con-full e-flex e-con e-child\" data-id=\"5d3db225\" data-element_type=\"container\" data-e-type=\"container\">\n\t\t\t\t<div class=\"elementor-element elementor-element-1bc60c8 elementor-widget elementor-widget-heading\" data-id=\"1bc60c8\" data-element_type=\"widget\" data-e-type=\"widget\" data-widget_type=\"heading.default\">\n\t\t\t\t<div class=\"elementor-widget-container\">\n\t\t\t\t\t<h2 class=\"elementor-heading-title elementor-size-default\">Willkommen in Horsvik<\/h2>\t\t\t\t<\/div>\n\t\t\t\t<\/div>\n\t\t\t\t<div class=\"elementor-element elementor-element-5ac82bc1 elementor-widget elementor-widget-text-editor\" data-id=\"5ac82bc1\" data-element_type=\"widget\" data-e-type=\"widget\" data-widget_type=\"text-editor.default\">\n\t\t\t\t<div class=\"elementor-widget-container\">\n\t\t\t\t\t\t\t\t\tDer Ort, an dem die Geschichte auf die Ruhe des Meeres trifft und die Zukunft voller M\u00f6glichkeiten ist.\t\t\t\t\t\t\t\t<\/div>\n\t\t\t\t<\/div>\n\t\t\t\t<div class=\"elementor-element elementor-element-7e3c490 elementor-align-center elementor-widget elementor-widget-button\" data-id=\"7e3c490\" data-element_type=\"widget\" data-e-type=\"widget\" data-widget_type=\"button.default\">\n\t\t\t\t<div class=\"elementor-widget-container\">\n\t\t\t\t\t\t\t\t\t<div class=\"elementor-button-wrapper\">\n\t\t\t\t\t<a class=\"elementor-button elementor-button-link elementor-size-sm\" href=\"https:\/\/horsviksstugor.se\/de\/unterkunft\/#boka\">\n\t\t\t\t\t\t<span class=\"elementor-button-content-wrapper\">\n\t\t\t\t\t\t\t\t\t<span class=\"elementor-button-text\">Jetzt buchen<\/span>\n\t\t\t\t\t<\/span>\n\t\t\t\t\t<\/a>\n\t\t\t\t<\/div>\n\t\t\t\t\t\t\t\t<\/div>\n\t\t\t\t<\/div>\n\t\t\t\t<\/div>\n\t\t<div class=\"elementor-element elementor-element-7f5af0aa e-con-full e-flex e-con e-child\" data-id=\"7f5af0aa\" data-element_type=\"container\" data-e-type=\"container\">\n\t\t\t\t<div class=\"elementor-element elementor-element-693c8fc9 elementor-widget elementor-widget-image\" data-id=\"693c8fc9\" data-element_type=\"widget\" data-e-type=\"widget\" data-widget_type=\"image.default\">\n\t\t\t\t<div class=\"elementor-widget-container\">\n\t\t\t\t\t\t\t\t\t\t\t\t\t\t\t<img fetchpriority=\"high\" decoding=\"async\" width=\"1600\" height=\"1200\" src=\"https:\/\/horsviksstugor.se\/wp-content\/uploads\/2025\/02\/horsviks-gard-med-stugor.webp\" class=\"attachment-full size-full wp-image-1714\" alt=\"\" srcset=\"https:\/\/horsviksstugor.se\/wp-content\/uploads\/2025\/02\/horsviks-gard-med-stugor.webp 1600w, https:\/\/horsviksstugor.se\/wp-content\/uploads\/2025\/02\/horsviks-gard-med-stugor-300x225.webp 300w, https:\/\/horsviksstugor.se\/wp-content\/uploads\/2025\/02\/horsviks-gard-med-stugor-1024x768.webp 1024w, https:\/\/horsviksstugor.se\/wp-content\/uploads\/2025\/02\/horsviks-gard-med-stugor-768x576.webp 768w, https:\/\/horsviksstugor.se\/wp-content\/uploads\/2025\/02\/horsviks-gard-med-stugor-1536x1152.webp 1536w\" sizes=\"(max-width: 1600px) 100vw, 1600px\" \/>\t\t\t\t\t\t\t\t\t\t\t\t\t\t\t<\/div>\n\t\t\t\t<\/div>\n\t\t\t\t<\/div>\n\t\t\t\t<\/div>\n\t\t\t\t<\/div>\n\t\t","protected":false},"excerpt":{"rendered":"<p>Geschichte von Horsvik An der K\u00fcste von S\u00f6rmland, direkt am Meer au\u00dferhalb von Nyk\u00f6ping, liegt Horsvik &#8211; ein einzigartiger Ort, an dem die Zeit seit den 1950er Jahren stehen geblieben zu sein scheint. Hier werden Sie von einer malerischen Umgebung begr\u00fc\u00dft, in der der Charme der Vergangenheit in jedem Detail erhalten geblieben ist. Hier, am [&hellip;]<\/p>\n","protected":false},"author":1,"featured_media":0,"parent":0,"menu_order":0,"comment_status":"closed","ping_status":"closed","template":"elementor_header_footer","meta":{"_acf_changed":false,"footnotes":""},"tags":[],"class_list":["post-571","page","type-page","status-publish","hentry"],"acf":[],"_links":{"self":[{"href":"https:\/\/horsviksstugor.se\/de\/wp-json\/wp\/v2\/pages\/571","targetHints":{"allow":["GET"]}}],"collection":[{"href":"https:\/\/horsviksstugor.se\/de\/wp-json\/wp\/v2\/pages"}],"about":[{"href":"https:\/\/horsviksstugor.se\/de\/wp-json\/wp\/v2\/types\/page"}],"author":[{"embeddable":true,"href":"https:\/\/horsviksstugor.se\/de\/wp-json\/wp\/v2\/users\/1"}],"replies":[{"embeddable":true,"href":"https:\/\/horsviksstugor.se\/de\/wp-json\/wp\/v2\/comments?post=571"}],"version-history":[{"count":26,"href":"https:\/\/horsviksstugor.se\/de\/wp-json\/wp\/v2\/pages\/571\/revisions"}],"predecessor-version":[{"id":2209,"href":"https:\/\/horsviksstugor.se\/de\/wp-json\/wp\/v2\/pages\/571\/revisions\/2209"}],"wp:attachment":[{"href":"https:\/\/horsviksstugor.se\/de\/wp-json\/wp\/v2\/media?parent=571"}],"wp:term":[{"taxonomy":"post_tag","embeddable":true,"href":"https:\/\/horsviksstugor.se\/de\/wp-json\/wp\/v2\/tags?post=571"}],"curies":[{"name":"wp","href":"https:\/\/api.w.org\/{rel}","templated":true}]}}