{"id":5731,"date":"2026-02-17T09:04:13","date_gmt":"2026-02-17T09:04:13","guid":{"rendered":"https:\/\/horsviksstugor.se\/bedingungen-und-konditionen\/"},"modified":"2026-03-20T10:28:06","modified_gmt":"2026-03-20T10:28:06","slug":"allgemeine-geschaftsbedingungen","status":"publish","type":"page","link":"https:\/\/horsviksstugor.se\/de\/allgemeine-geschaftsbedingungen\/","title":{"rendered":"Allgemeine Bedingungen und Konditionen"},"content":{"rendered":"\t\t<div data-elementor-type=\"wp-page\" data-elementor-id=\"5731\" class=\"elementor elementor-5731 elementor-5729\" data-elementor-post-type=\"page\">\n\t\t\t\t<div class=\"elementor-element elementor-element-e581863 e-con-full e-flex e-con e-parent\" data-id=\"e581863\" data-element_type=\"container\">\n\t\t\t\t<div class=\"elementor-element elementor-element-8fda7ae elementor-widget elementor-widget-text-editor\" data-id=\"8fda7ae\" data-element_type=\"widget\" data-widget_type=\"text-editor.default\">\n\t\t\t\t<div class=\"elementor-widget-container\">\n\t\t\t\t\t\t\t\t\t<h1>Allgemeine Bedingungen &#8211; Horsviksstugor<\/h1>\n<p>\n  \u00c4ventyrshuset BBorg AB<br> Org.nr 556673-8836\n<\/p>\n\n<p>Zuletzt aktualisiert: 2026-03-20<\/p>\n\n<h2>1. Allgemein<\/h2>\n<p>\n  Diese Gesch\u00e4ftsbedingungen gelten f\u00fcr die Buchung einer Unterkunft im Horsviksstugor, das von \u00c4ventyrshuset BBorg AB\n (im Folgenden &#8222;wir&#8220; oder &#8222;der Vermieter&#8220;) betrieben wird. Mit einer Buchung akzeptiert der Gast diese Bedingungen. \n<\/p>\n\n<h2>2. buchen und bezahlen<\/h2>\n<p>\n  Eine Buchung wird verbindlich, wenn die vollst\u00e4ndige Zahlung erfolgt ist. Die Zahlung erfolgt zum Zeitpunkt der Buchung \u00fcber Stripe unter\n. Die Buchungsbest\u00e4tigung wird per E-Mail an die bei der Buchung angegebene Adresse gesendet.  \n<\/p>\n\n<h2>3. Preise<\/h2>\n<p>\n  Alle Preise sind in Schwedischen Kronen (SEK) inklusive Mehrwertsteuer angegeben. Wir behalten uns das Recht auf eventuelle\n Preis\u00e4nderungen und typografische Fehler vor. \n<\/p>\n\n<h2>4. Stornierung, Stornierungsschutz und Nichterscheinen<\/h2>\n<p>\n  Ohne Stornierungsschutz k\u00f6nnen wir leider keine R\u00fcckerstattungen oder Anpassungen\n von Buchungen vornehmen. Dies ist wichtig, bevor Sie eine Buchung vornehmen. \n<\/p>\n\n<p>\n  G\u00e4ste k\u00f6nnen einen Stornierungsschutz f\u00fcr 75 SEK pro Nacht abschlie\u00dfen. Mit dem Stornierungsschutz wird eine kostenlose\n Stornierung bis zu 48 Stunden vor dem Check-in angeboten. \n<\/p>\n\n<p>\n  Wenn der Gast nicht erscheint (&#8222;no show&#8220;), ohne storniert zu haben, wird der volle Betrag der Reservierung in Rechnung gestellt.\n<\/p>\n\n<p>\n  Die Stornierung sollte per E-Mail an oxelosund@bodaborg.se erfolgen. Die Stornierung gilt erst dann als g\u00fcltig, wenn sie\n von uns best\u00e4tigt worden ist. Der Zeitpunkt des Eingangs der E-Mail ist der Zeitpunkt der Stornierung. Es liegt in der Verantwortung des Gastes von\n, daf\u00fcr zu sorgen, dass die Stornierung gem\u00e4\u00df den geltenden Bedingungen rechtzeitig abgeschickt wird.   \n<\/p>\n\n<h2>5. einchecken und auschecken<\/h2>\n<p>\n  Die G\u00e4ste m\u00fcssen sich an die in der Buchungsbest\u00e4tigung angegebenen Check-in- und Check-out-Zeiten halten. F\u00fcr einen sp\u00e4ten Check-out\n kann eine zus\u00e4tzliche Geb\u00fchr anfallen. \n<\/p>\n\n<h2>6. Verantwortung und Organisation<\/h2>\n<p>\n  Der Gast ist f\u00fcr die Unterkunft w\u00e4hrend seines Aufenthalts verantwortlich und muss sie in einem akzeptablen Zustand hinterlassen. Vom Gast verursachte Sch\u00e4den\n k\u00f6nnen im Nachhinein in Rechnung gestellt werden. \n<\/p>\n\n<h2>7. H\u00f6here Gewalt<\/h2>\n<p>\n  Wir sind nicht verantwortlich f\u00fcr Ereignisse, die au\u00dferhalb unserer Kontrolle liegen und die Erf\u00fcllung der Buchung\n verhindern (z.B. Naturkatastrophen, Pandemien oder Regierungsentscheidungen). In solchen F\u00e4llen wird eine Umbuchung oder eine vollst\u00e4ndige Erstattung\n angeboten. \n<\/p>\n\n<h2>8. pers\u00f6nliche Daten<\/h2>\n<p>\n  Wir verarbeiten personenbezogene Daten in \u00dcbereinstimmung mit der GDPR. Die bei der Buchung angegebenen Informationen werden verwendet, um\n den Vertrag zu erf\u00fcllen und mit dem Gast zu kommunizieren. Die Daten werden nicht an Dritte weitergegeben, abgesehen von dem, was\n f\u00fcr die Zahlung und die Buchungsverwaltung ben\u00f6tigt.  \n<\/p>\n\n<h2>9. Rechtsstreitigkeiten<\/h2>\n<p>\n  Es gilt schwedisches Recht. Streitigkeiten werden in erster Linie durch Kontaktaufnahme mit uns beigelegt, in zweiter Linie durch die Allgemeine Beschwerdestelle\n (ARN) oder das allgemeine Gericht. \n<\/p>\n\n<h2>10. Kontakt<\/h2>\n<p>\n  \u00c4ventyrshuset BBorg AB<br> E-Mail: oxelosund@bodaborg.se<br> Web: horsviksstugor.se\n<\/p>\t\t\t\t\t\t\t\t<\/div>\n\t\t\t\t<\/div>\n\t\t\t\t<\/div>\n\t\t\t\t<\/div>\n\t\t","protected":false},"excerpt":{"rendered":"<p>Allgemeine Bedingungen &#8211; Horsviksstugor \u00c4ventyrshuset BBorg AB Org.nr 556673-8836 Zuletzt aktualisiert: 2026-03-20 1. Allgemein Diese Gesch\u00e4ftsbedingungen gelten f\u00fcr die Buchung einer Unterkunft im Horsviksstugor, das von \u00c4ventyrshuset BBorg AB (im Folgenden &#8222;wir&#8220; oder &#8222;der Vermieter&#8220;) betrieben wird. Mit einer Buchung akzeptiert der Gast diese Bedingungen. 2. buchen und bezahlen Eine Buchung wird verbindlich, wenn die [&hellip;]<\/p>\n","protected":false},"author":1,"featured_media":0,"parent":0,"menu_order":0,"comment_status":"closed","ping_status":"closed","template":"elementor_header_footer","meta":{"_acf_changed":false,"footnotes":""},"tags":[],"class_list":["post-5731","page","type-page","status-publish","hentry"],"acf":[],"_links":{"self":[{"href":"https:\/\/horsviksstugor.se\/de\/wp-json\/wp\/v2\/pages\/5731","targetHints":{"allow":["GET"]}}],"collection":[{"href":"https:\/\/horsviksstugor.se\/de\/wp-json\/wp\/v2\/pages"}],"about":[{"href":"https:\/\/horsviksstugor.se\/de\/wp-json\/wp\/v2\/types\/page"}],"author":[{"embeddable":true,"href":"https:\/\/horsviksstugor.se\/de\/wp-json\/wp\/v2\/users\/1"}],"replies":[{"embeddable":true,"href":"https:\/\/horsviksstugor.se\/de\/wp-json\/wp\/v2\/comments?post=5731"}],"version-history":[{"count":9,"href":"https:\/\/horsviksstugor.se\/de\/wp-json\/wp\/v2\/pages\/5731\/revisions"}],"predecessor-version":[{"id":6204,"href":"https:\/\/horsviksstugor.se\/de\/wp-json\/wp\/v2\/pages\/5731\/revisions\/6204"}],"wp:attachment":[{"href":"https:\/\/horsviksstugor.se\/de\/wp-json\/wp\/v2\/media?parent=5731"}],"wp:term":[{"taxonomy":"post_tag","embeddable":true,"href":"https:\/\/horsviksstugor.se\/de\/wp-json\/wp\/v2\/tags?post=5731"}],"curies":[{"name":"wp","href":"https:\/\/api.w.org\/{rel}","templated":true}]}}